{"id":6538,"date":"2024-06-29T16:42:48","date_gmt":"2024-06-29T16:42:48","guid":{"rendered":"https:\/\/terrenasvillas.com\/?page_id=6538"},"modified":"2024-06-29T16:51:43","modified_gmt":"2024-06-29T16:51:43","slug":"terms-and-conditions","status":"publish","type":"page","link":"https:\/\/terrenasvillas.com\/fr\/terms-and-conditions\/","title":{"rendered":"Conditions g\u00e9n\u00e9rales d'utilisation"},"content":{"rendered":"<div data-elementor-type=\"wp-page\" data-elementor-id=\"6538\" class=\"elementor elementor-6538\" data-elementor-post-type=\"page\">\n\t\t\t\t\t\t<section class=\"elementor-section elementor-top-section elementor-element elementor-element-3615d0b4 elementor-section-stretched elementor-section-boxed elementor-section-height-default elementor-section-height-default\" data-id=\"3615d0b4\" data-element_type=\"section\" data-e-type=\"section\" data-settings=\"{&quot;stretch_section&quot;:&quot;section-stretched&quot;,&quot;hoteller_ext_is_background_parallax&quot;:&quot;false&quot;,&quot;hoteller_ext_is_background_on_scroll&quot;:&quot;false&quot;,&quot;ekit_has_onepagescroll_dot&quot;:&quot;yes&quot;}\">\n\t\t\t\t\t\t\t<div class=\"elementor-background-overlay\"><\/div>\n\t\t\t\t\t\t\t<div class=\"elementor-container elementor-column-gap-default\">\n\t\t\t\t\t<div class=\"elementor-column elementor-col-100 elementor-top-column elementor-element elementor-element-445d8e71\" data-id=\"445d8e71\" data-element_type=\"column\" data-e-type=\"column\" data-settings=\"{&quot;hoteller_ext_link_sidemenu&quot;:&quot;false&quot;,&quot;hoteller_ext_link_fullmenu&quot;:&quot;false&quot;,&quot;hoteller_ext_link_closed_fullmenu&quot;:&quot;false&quot;,&quot;hoteller_ext_is_scrollme&quot;:&quot;false&quot;,&quot;hoteller_ext_is_smoove&quot;:&quot;false&quot;,&quot;hoteller_ext_is_parallax_mouse&quot;:&quot;false&quot;,&quot;hoteller_ext_is_infinite&quot;:&quot;false&quot;,&quot;hoteller_ext_is_fadeout_animation&quot;:&quot;false&quot;,&quot;hoteller_ext_mobile_static&quot;:&quot;false&quot;}\">\n\t\t\t<div class=\"elementor-widget-wrap elementor-element-populated\">\n\t\t\t\t\t\t<div class=\"elementor-element elementor-element-618d0397 elementor-widget elementor-widget-heading\" data-id=\"618d0397\" data-element_type=\"widget\" data-e-type=\"widget\" data-settings=\"{&quot;ekit_we_effect_on&quot;:&quot;none&quot;,&quot;hoteller_ext_link_sidemenu&quot;:&quot;false&quot;,&quot;hoteller_ext_link_fullmenu&quot;:&quot;false&quot;,&quot;hoteller_ext_link_closed_fullmenu&quot;:&quot;false&quot;,&quot;hoteller_ext_is_scrollme&quot;:&quot;false&quot;,&quot;hoteller_ext_is_smoove&quot;:&quot;false&quot;,&quot;hoteller_ext_is_parallax_mouse&quot;:&quot;false&quot;,&quot;hoteller_ext_is_infinite&quot;:&quot;false&quot;,&quot;hoteller_ext_is_fadeout_animation&quot;:&quot;false&quot;,&quot;hoteller_ext_mobile_static&quot;:&quot;false&quot;}\" data-widget_type=\"heading.default\">\n\t\t\t\t<div class=\"elementor-widget-container\">\n\t\t\t\t\t<h3 class=\"elementor-heading-title elementor-size-default\">Conditions g\u00e9n\u00e9rales d'utilisation<\/h3>\t\t\t\t<\/div>\n\t\t\t\t<\/div>\n\t\t\t\t<div class=\"elementor-element elementor-element-deb06fb elementor-widget elementor-widget-text-editor\" data-id=\"deb06fb\" data-element_type=\"widget\" data-e-type=\"widget\" id=\"lilili\" data-settings=\"{&quot;ekit_we_effect_on&quot;:&quot;none&quot;,&quot;hoteller_ext_link_sidemenu&quot;:&quot;false&quot;,&quot;hoteller_ext_link_fullmenu&quot;:&quot;false&quot;,&quot;hoteller_ext_link_closed_fullmenu&quot;:&quot;false&quot;,&quot;hoteller_ext_is_scrollme&quot;:&quot;false&quot;,&quot;hoteller_ext_is_smoove&quot;:&quot;false&quot;,&quot;hoteller_ext_is_parallax_mouse&quot;:&quot;false&quot;,&quot;hoteller_ext_is_infinite&quot;:&quot;false&quot;,&quot;hoteller_ext_is_fadeout_animation&quot;:&quot;false&quot;,&quot;hoteller_ext_mobile_static&quot;:&quot;false&quot;}\" data-widget_type=\"text-editor.default\">\n\t\t\t\t<div class=\"elementor-widget-container\">\n\t\t\t\t\t\t\t\t\t<p>Bienvenue \u00e0 Las Terrenas Villas. Veuillez lire attentivement les pr\u00e9sentes conditions g\u00e9n\u00e9rales avant d'utiliser notre site web (terrenasvillas.com) et nos services. En acc\u00e9dant \u00e0 notre site web ou en l'utilisant, vous acceptez d'\u00eatre li\u00e9 par ces conditions g\u00e9n\u00e9rales. Si vous n'acceptez pas ces conditions, veuillez ne pas utiliser notre site web ou nos services.<\/p><ol><li><strong>Introduction<\/strong><br \/>Las Terrenas Villas (\"nous\", \"notre\" ou \"nos\") exploite le site terrenasvillas.com (le \"site\"). Les pr\u00e9sentes conditions g\u00e9n\u00e9rales r\u00e9gissent votre utilisation du site et des services fournis par Las Terrenas Villas.<\/li><li><strong>R\u00e9servations<\/strong><ol><li><strong>Confirmation de la r\u00e9servation<\/strong><br \/>Toutes les r\u00e9servations sont soumises \u00e0 disponibilit\u00e9 et \u00e0 confirmation. Une r\u00e9servation n'est confirm\u00e9e qu'apr\u00e8s r\u00e9ception d'un courriel de confirmation de notre part.<\/li><li><strong>Paiement<\/strong><br \/>Le paiement int\u00e9gral ou un acompte est exig\u00e9 au moment de la r\u00e9servation. Le solde doit \u00eatre pay\u00e9 selon les conditions sp\u00e9cifi\u00e9es dans votre confirmation de r\u00e9servation. Le non-paiement du solde dans les d\u00e9lais impartis peut entra\u00eener l'annulation de la r\u00e9servation.<\/li><li><strong>Annulation et remboursement<\/strong><br \/>Les annulations doivent \u00eatre faites par \u00e9crit et sont soumises \u00e0 nos conditions d'annulation. Les remboursements, le cas \u00e9ch\u00e9ant, seront effectu\u00e9s conform\u00e9ment aux conditions sp\u00e9cifi\u00e9es dans votre confirmation de r\u00e9servation.<\/li><\/ol><\/li><li><strong>Enregistrement et sortie<\/strong><ol><li>Enregistrement<br \/>L'heure d'enregistrement est \u00e0 partir de 15h00. L'enregistrement anticip\u00e9 est soumis \u00e0 disponibilit\u00e9 et peut entra\u00eener des frais suppl\u00e9mentaires.<\/li><li>Check-out<br \/>L'heure de d\u00e9part est fix\u00e9e \u00e0 11h00. Le d\u00e9part tardif est soumis \u00e0 disponibilit\u00e9 et peut entra\u00eener des frais suppl\u00e9mentaires.<\/li><\/ol><\/li><li><strong>Responsabilit\u00e9s des invit\u00e9s<\/strong><ol><li>Entretien des biens<br \/>Les h\u00f4tes sont tenus de prendre soin de la propri\u00e9t\u00e9 et de son contenu. Tout dommage ou perte caus\u00e9 par les h\u00f4tes sera imput\u00e9 au compte de l'h\u00f4te.<\/li><li>Conduite<br \/>Les h\u00f4tes doivent se comporter de mani\u00e8re respectueuse et ordonn\u00e9e. Tout comportement qui perturbe ou nuit aux autres h\u00f4tes ou \u00e0 la propri\u00e9t\u00e9 peut entra\u00eener l'expulsion sans remboursement.<\/li><\/ol><\/li><li><strong>Responsabilit\u00e9<\/strong><ol><li><strong>Dommages corporels et mat\u00e9riels<\/strong><br \/>Nous ne sommes pas responsables des dommages corporels, des pertes ou des d\u00e9g\u00e2ts mat\u00e9riels subis par les h\u00f4tes pendant leur s\u00e9jour. Il est conseill\u00e9 aux clients de souscrire une assurance voyage appropri\u00e9e.<\/li><li><strong>Force Majeure<\/strong><br \/>Nous ne sommes pas responsables des d\u00e9faillances ou des retards dans la fourniture des services dus \u00e0 des circonstances ind\u00e9pendantes de notre volont\u00e9, y compris, mais sans s'y limiter, les catastrophes naturelles, les gr\u00e8ves ou les actions gouvernementales.<\/li><\/ol><\/li><li><strong>Politique de confidentialit\u00e9<\/strong><br \/>Votre vie priv\u00e9e est importante pour nous. Notre politique de confidentialit\u00e9 explique comment nous recueillons, utilisons et prot\u00e9geons vos informations personnelles. En utilisant notre site, vous acceptez notre politique de confidentialit\u00e9.<\/li><li><strong>Modifications des conditions g\u00e9n\u00e9rales<\/strong><br \/>Nous nous r\u00e9servons le droit de modifier les pr\u00e9sentes conditions g\u00e9n\u00e9rales \u00e0 tout moment. Toute modification entrera en vigueur d\u00e8s sa publication sur le site. En continuant \u00e0 utiliser le site, vous acceptez les conditions modifi\u00e9es.<\/li><li><strong>Droit applicable<\/strong><br \/>Les pr\u00e9sentes conditions g\u00e9n\u00e9rales sont r\u00e9gies et interpr\u00e9t\u00e9es conform\u00e9ment aux lois de la R\u00e9publique dominicaine. Tout litige d\u00e9coulant des pr\u00e9sentes conditions g\u00e9n\u00e9rales ou en rapport avec celles-ci sera soumis \u00e0 la comp\u00e9tence exclusive des tribunaux de la R\u00e9publique dominicaine.<\/li><li><strong>Nous contacter<\/strong><br \/>Si vous avez des questions concernant les pr\u00e9sentes conditions g\u00e9n\u00e9rales, veuillez nous contacter \u00e0 l'adresse suivante : info@terrenasvillas.com.<\/li><\/ol><p>En utilisant notre site et nos services, vous reconnaissez avoir lu, compris et accept\u00e9 d'\u00eatre li\u00e9 par ces conditions g\u00e9n\u00e9rales. Nous vous remercions d'avoir choisi Las Terrenas Villas. Nous nous r\u00e9jouissons de rendre votre s\u00e9jour inoubliable.<\/p>\t\t\t\t\t\t\t\t<\/div>\n\t\t\t\t<\/div>\n\t\t\t\t\t<\/div>\n\t\t<\/div>\n\t\t\t\t\t<\/div>\n\t\t<\/section>\n\t\t\t\t<\/div>","protected":false},"excerpt":{"rendered":"<p>Terms and Conditions Welcome to Las Terrenas Villas. Please read these Terms and Conditions carefully before using our website (terrenasvillas.com) and services. By accessing or using our website, you agree to be bound by these Terms and Conditions. If you [&hellip;]<\/p>\n","protected":false},"author":1,"featured_media":0,"parent":0,"menu_order":0,"comment_status":"closed","ping_status":"closed","template":"elementor_header_footer","meta":{"_monsterinsights_skip_tracking":false,"_monsterinsights_sitenote_active":false,"_monsterinsights_sitenote_note":"","_monsterinsights_sitenote_category":0,"footnotes":""},"class_list":["post-6538","page","type-page","status-publish","hentry"],"aioseo_notices":[],"_links":{"self":[{"href":"https:\/\/terrenasvillas.com\/fr\/wp-json\/wp\/v2\/pages\/6538","targetHints":{"allow":["GET"]}}],"collection":[{"href":"https:\/\/terrenasvillas.com\/fr\/wp-json\/wp\/v2\/pages"}],"about":[{"href":"https:\/\/terrenasvillas.com\/fr\/wp-json\/wp\/v2\/types\/page"}],"author":[{"embeddable":true,"href":"https:\/\/terrenasvillas.com\/fr\/wp-json\/wp\/v2\/users\/1"}],"replies":[{"embeddable":true,"href":"https:\/\/terrenasvillas.com\/fr\/wp-json\/wp\/v2\/comments?post=6538"}],"version-history":[{"count":0,"href":"https:\/\/terrenasvillas.com\/fr\/wp-json\/wp\/v2\/pages\/6538\/revisions"}],"wp:attachment":[{"href":"https:\/\/terrenasvillas.com\/fr\/wp-json\/wp\/v2\/media?parent=6538"}],"curies":[{"name":"wp","href":"https:\/\/api.w.org\/{rel}","templated":true}]}}